{"id":28,"date":"2018-03-06T02:46:22","date_gmt":"2018-03-06T02:46:22","guid":{"rendered":"https:\/\/test.cracxilitol.com\/?post_type=product&#038;p=28"},"modified":"2024-01-10T17:25:56","modified_gmt":"2024-01-10T16:25:56","slug":"sandia","status":"publish","type":"product","link":"https:\/\/test.cracxilitol.com\/en\/caramelos-xilitol\/sandia\/","title":{"rendered":"Watermelon"},"content":{"rendered":"","protected":false},"excerpt":{"rendered":"<p><img loading=\"lazy\" decoding=\"async\" class=\"alignnone size-full wp-image-105\" src=\"https:\/\/test.cracxilitol.com\/wp-content\/uploads\/2018\/04\/cracx-watermelon.png\" alt=\"\" width=\"411\" height=\"56\" \/><br \/>\nIt\u2019s a wave of summer flavor. Enjoy the most fun fruit explosion. It will not leave anyone indifferent, the most spectacular taste in very cute pink crystals. For people who love the sun, the beach, the freedom of the summer time, enjoy and refresh yourself with pure watermelon flavor.<\/p>\n<p>-DIABETES FRIENDLY<br \/>\n-GLUTEN FREE<br \/>\n-AIDS MINERALIZATION<br \/>\n-LACTOSE FREE<br \/>\n-SUGAR FREE<\/p>\n<p><img loading=\"lazy\" decoding=\"async\" class=\"alignnone size-full wp-image-109\" src=\"https:\/\/test.cracxilitol.com\/wp-content\/uploads\/2018\/04\/iconos-sandia.png\" alt=\"\" width=\"337\" height=\"57\" \/><\/p>\n","protected":false},"featured_media":321,"template":"","meta":{"_acf_changed":false,"om_disable_all_campaigns":false},"product_brand":[],"product_cat":[18],"product_tag":[22],"class_list":{"0":"post-28","1":"product","2":"type-product","3":"status-publish","4":"has-post-thumbnail","6":"product_cat-sabores","7":"product_tag-watermelon","9":"first","10":"instock","11":"shipping-taxable","12":"purchasable","13":"product-type-simple"},"acf":[],"yoast_head":"<!-- This site is optimized with the Yoast SEO plugin v23.0 - https:\/\/yoast.com\/wordpress\/plugins\/seo\/ -->\n<title>Watermelon - Caramelos Cracx<\/title>\n<meta name=\"robots\" content=\"index, follow, max-snippet:-1, max-image-preview:large, max-video-preview:-1\" \/>\n<link rel=\"canonical\" href=\"https:\/\/test.cracxilitol.com\/caramelos-xilitol\/sandia\/\" \/>\n<meta property=\"og:locale\" content=\"en_US\" \/>\n<meta property=\"og:type\" content=\"article\" \/>\n<meta property=\"og:title\" content=\"[:es]Sand\u00eda[:en]Watermelon[:] - Caramelos Cracx\" \/>\n<meta property=\"og:description\" content=\"[:es] Es una ola de sabor, de sabor de verano. Disfruta de la explosi\u00f3n de la fruta m\u00e1s divertida. No dejar\u00e1 indiferente a nadie, el sabor m\u00e1s espectacular en mon\u00edsimos cristales rosas. Para la gente que ama la el sol, la playa, la libertad de los meses de verano, para endulzarlos y refrescarse con puro sabor a sand\u00eda.  -PARA PERSONAS CON DIABETES -SIN GLUTEN -AYUDA A MINERALIZAR -SIN LACTOSA -SIN AZ\u00daCARES -CONTENIDO DE LA LATA 35 GRAMOS  [:en] It\u2019s a wave of summer flavor. Enjoy the most fun fruit explosion. It will not leave anyone indifferent, the most spectacular taste in very cute pink crystals. For people who love the sun, the beach, the freedom of the summer time, enjoy and refresh yourself with pure watermelon flavor.  -DIABETES FRIENDLY -GLUTEN FREE -AIDS MINERALIZATION -LACTOSE FREE -SUGAR FREE  [:]\" \/>\n<meta property=\"og:url\" content=\"https:\/\/test.cracxilitol.com\/caramelos-xilitol\/sandia\/\" \/>\n<meta property=\"og:site_name\" content=\"Caramelos Cracx\" \/>\n<meta property=\"article:modified_time\" content=\"2024-01-10T16:25:56+00:00\" \/>\n<meta property=\"og:image\" content=\"https:\/\/test.cracxilitol.com\/wp-content\/uploads\/2018\/03\/cracx-logo-sandia.jpg\" \/>\n\t<meta property=\"og:image:width\" content=\"134\" \/>\n\t<meta property=\"og:image:height\" content=\"310\" \/>\n\t<meta property=\"og:image:type\" content=\"image\/jpeg\" \/>\n<meta name=\"twitter:card\" content=\"summary_large_image\" \/>\n<script type=\"application\/ld+json\" class=\"yoast-schema-graph\">{\"@context\":\"https:\/\/schema.org\",\"@graph\":[{\"@type\":\"WebPage\",\"@id\":\"https:\/\/test.cracxilitol.com\/caramelos-xilitol\/sandia\/\",\"url\":\"https:\/\/test.cracxilitol.com\/caramelos-xilitol\/sandia\/\",\"name\":\"[:es]Sand\u00eda[:en]Watermelon[:] - Caramelos Cracx\",\"isPartOf\":{\"@id\":\"https:\/\/test.cracxilitol.com\/#website\"},\"primaryImageOfPage\":{\"@id\":\"https:\/\/test.cracxilitol.com\/caramelos-xilitol\/sandia\/#primaryimage\"},\"image\":{\"@id\":\"https:\/\/test.cracxilitol.com\/caramelos-xilitol\/sandia\/#primaryimage\"},\"thumbnailUrl\":\"https:\/\/test.cracxilitol.com\/wp-content\/uploads\/2018\/03\/cracx-logo-sandia.jpg\",\"datePublished\":\"2018-03-06T02:46:22+00:00\",\"dateModified\":\"2024-01-10T16:25:56+00:00\",\"breadcrumb\":{\"@id\":\"https:\/\/test.cracxilitol.com\/caramelos-xilitol\/sandia\/#breadcrumb\"},\"inLanguage\":\"en-US\",\"potentialAction\":[{\"@type\":\"ReadAction\",\"target\":[\"https:\/\/test.cracxilitol.com\/caramelos-xilitol\/sandia\/\"]}]},{\"@type\":\"ImageObject\",\"inLanguage\":\"en-US\",\"@id\":\"https:\/\/test.cracxilitol.com\/caramelos-xilitol\/sandia\/#primaryimage\",\"url\":\"https:\/\/test.cracxilitol.com\/wp-content\/uploads\/2018\/03\/cracx-logo-sandia.jpg\",\"contentUrl\":\"https:\/\/test.cracxilitol.com\/wp-content\/uploads\/2018\/03\/cracx-logo-sandia.jpg\",\"width\":134,\"height\":310},{\"@type\":\"BreadcrumbList\",\"@id\":\"https:\/\/test.cracxilitol.com\/caramelos-xilitol\/sandia\/#breadcrumb\",\"itemListElement\":[{\"@type\":\"ListItem\",\"position\":1,\"name\":\"Portada\",\"item\":\"https:\/\/test.cracxilitol.com\/\"},{\"@type\":\"ListItem\",\"position\":2,\"name\":\"Sand\u00eda\"}]},{\"@type\":\"WebSite\",\"@id\":\"https:\/\/test.cracxilitol.com\/#website\",\"url\":\"https:\/\/test.cracxilitol.com\/\",\"name\":\"Caramelos Cracx\",\"description\":\"Caramelos sin azucar 100% xilitol\",\"publisher\":{\"@id\":\"https:\/\/test.cracxilitol.com\/#organization\"},\"potentialAction\":[{\"@type\":\"SearchAction\",\"target\":{\"@type\":\"EntryPoint\",\"urlTemplate\":\"https:\/\/test.cracxilitol.com\/?s={search_term_string}\"},\"query-input\":\"required name=search_term_string\"}],\"inLanguage\":\"en-US\"},{\"@type\":\"Organization\",\"@id\":\"https:\/\/test.cracxilitol.com\/#organization\",\"name\":\"Caramelos Cracx\",\"url\":\"https:\/\/test.cracxilitol.com\/\",\"logo\":{\"@type\":\"ImageObject\",\"inLanguage\":\"en-US\",\"@id\":\"https:\/\/test.cracxilitol.com\/#\/schema\/logo\/image\/\",\"url\":\"https:\/\/test.cracxilitol.com\/wp-content\/uploads\/2024\/07\/cropped-LOGO-ROJO.png\",\"contentUrl\":\"https:\/\/test.cracxilitol.com\/wp-content\/uploads\/2024\/07\/cropped-LOGO-ROJO.png\",\"width\":188,\"height\":81,\"caption\":\"Caramelos Cracx\"},\"image\":{\"@id\":\"https:\/\/test.cracxilitol.com\/#\/schema\/logo\/image\/\"}}]}<\/script>\n<!-- \/ Yoast SEO plugin. -->","yoast_head_json":{"title":"[:es]Sand\u00eda[:en]Watermelon[:] - Caramelos Cracx","robots":{"index":"index","follow":"follow","max-snippet":"max-snippet:-1","max-image-preview":"max-image-preview:large","max-video-preview":"max-video-preview:-1"},"canonical":"https:\/\/test.cracxilitol.com\/caramelos-xilitol\/sandia\/","og_locale":"en_US","og_type":"article","og_title":"[:es]Sand\u00eda[:en]Watermelon[:] - Caramelos Cracx","og_description":"[:es] Es una ola de sabor, de sabor de verano. Disfruta de la explosi\u00f3n de la fruta m\u00e1s divertida. No dejar\u00e1 indiferente a nadie, el sabor m\u00e1s espectacular en mon\u00edsimos cristales rosas. Para la gente que ama la el sol, la playa, la libertad de los meses de verano, para endulzarlos y refrescarse con puro sabor a sand\u00eda.  -PARA PERSONAS CON DIABETES -SIN GLUTEN -AYUDA A MINERALIZAR -SIN LACTOSA -SIN AZ\u00daCARES -CONTENIDO DE LA LATA 35 GRAMOS  [:en] It\u2019s a wave of summer flavor. Enjoy the most fun fruit explosion. It will not leave anyone indifferent, the most spectacular taste in very cute pink crystals. For people who love the sun, the beach, the freedom of the summer time, enjoy and refresh yourself with pure watermelon flavor.  -DIABETES FRIENDLY -GLUTEN FREE -AIDS MINERALIZATION -LACTOSE FREE -SUGAR FREE  [:]","og_url":"https:\/\/test.cracxilitol.com\/caramelos-xilitol\/sandia\/","og_site_name":"Caramelos Cracx","article_modified_time":"2024-01-10T16:25:56+00:00","og_image":[{"width":134,"height":310,"url":"https:\/\/test.cracxilitol.com\/wp-content\/uploads\/2018\/03\/cracx-logo-sandia.jpg","type":"image\/jpeg"}],"twitter_card":"summary_large_image","schema":{"@context":"https:\/\/schema.org","@graph":[{"@type":"WebPage","@id":"https:\/\/test.cracxilitol.com\/caramelos-xilitol\/sandia\/","url":"https:\/\/test.cracxilitol.com\/caramelos-xilitol\/sandia\/","name":"[:es]Sand\u00eda[:en]Watermelon[:] - Caramelos Cracx","isPartOf":{"@id":"https:\/\/test.cracxilitol.com\/#website"},"primaryImageOfPage":{"@id":"https:\/\/test.cracxilitol.com\/caramelos-xilitol\/sandia\/#primaryimage"},"image":{"@id":"https:\/\/test.cracxilitol.com\/caramelos-xilitol\/sandia\/#primaryimage"},"thumbnailUrl":"https:\/\/test.cracxilitol.com\/wp-content\/uploads\/2018\/03\/cracx-logo-sandia.jpg","datePublished":"2018-03-06T02:46:22+00:00","dateModified":"2024-01-10T16:25:56+00:00","breadcrumb":{"@id":"https:\/\/test.cracxilitol.com\/caramelos-xilitol\/sandia\/#breadcrumb"},"inLanguage":"en-US","potentialAction":[{"@type":"ReadAction","target":["https:\/\/test.cracxilitol.com\/caramelos-xilitol\/sandia\/"]}]},{"@type":"ImageObject","inLanguage":"en-US","@id":"https:\/\/test.cracxilitol.com\/caramelos-xilitol\/sandia\/#primaryimage","url":"https:\/\/test.cracxilitol.com\/wp-content\/uploads\/2018\/03\/cracx-logo-sandia.jpg","contentUrl":"https:\/\/test.cracxilitol.com\/wp-content\/uploads\/2018\/03\/cracx-logo-sandia.jpg","width":134,"height":310},{"@type":"BreadcrumbList","@id":"https:\/\/test.cracxilitol.com\/caramelos-xilitol\/sandia\/#breadcrumb","itemListElement":[{"@type":"ListItem","position":1,"name":"Portada","item":"https:\/\/test.cracxilitol.com\/"},{"@type":"ListItem","position":2,"name":"Sand\u00eda"}]},{"@type":"WebSite","@id":"https:\/\/test.cracxilitol.com\/#website","url":"https:\/\/test.cracxilitol.com\/","name":"Caramelos Cracx","description":"Caramelos sin azucar 100% xilitol","publisher":{"@id":"https:\/\/test.cracxilitol.com\/#organization"},"potentialAction":[{"@type":"SearchAction","target":{"@type":"EntryPoint","urlTemplate":"https:\/\/test.cracxilitol.com\/?s={search_term_string}"},"query-input":"required name=search_term_string"}],"inLanguage":"en-US"},{"@type":"Organization","@id":"https:\/\/test.cracxilitol.com\/#organization","name":"Caramelos Cracx","url":"https:\/\/test.cracxilitol.com\/","logo":{"@type":"ImageObject","inLanguage":"en-US","@id":"https:\/\/test.cracxilitol.com\/#\/schema\/logo\/image\/","url":"https:\/\/test.cracxilitol.com\/wp-content\/uploads\/2024\/07\/cropped-LOGO-ROJO.png","contentUrl":"https:\/\/test.cracxilitol.com\/wp-content\/uploads\/2024\/07\/cropped-LOGO-ROJO.png","width":188,"height":81,"caption":"Caramelos Cracx"},"image":{"@id":"https:\/\/test.cracxilitol.com\/#\/schema\/logo\/image\/"}}]}},"_links":{"self":[{"href":"https:\/\/test.cracxilitol.com\/en\/wp-json\/wp\/v2\/product\/28"}],"collection":[{"href":"https:\/\/test.cracxilitol.com\/en\/wp-json\/wp\/v2\/product"}],"about":[{"href":"https:\/\/test.cracxilitol.com\/en\/wp-json\/wp\/v2\/types\/product"}],"wp:featuredmedia":[{"embeddable":true,"href":"https:\/\/test.cracxilitol.com\/en\/wp-json\/wp\/v2\/media\/321"}],"wp:attachment":[{"href":"https:\/\/test.cracxilitol.com\/en\/wp-json\/wp\/v2\/media?parent=28"}],"wp:term":[{"taxonomy":"product_brand","embeddable":true,"href":"https:\/\/test.cracxilitol.com\/en\/wp-json\/wp\/v2\/product_brand?post=28"},{"taxonomy":"product_cat","embeddable":true,"href":"https:\/\/test.cracxilitol.com\/en\/wp-json\/wp\/v2\/product_cat?post=28"},{"taxonomy":"product_tag","embeddable":true,"href":"https:\/\/test.cracxilitol.com\/en\/wp-json\/wp\/v2\/product_tag?post=28"}],"curies":[{"name":"wp","href":"https:\/\/api.w.org\/{rel}","templated":true}]}}