{"id":27,"date":"2018-03-06T02:45:32","date_gmt":"2018-03-06T01:45:32","guid":{"rendered":"https:\/\/test.cracxilitol.com\/?post_type=product&#038;p=27"},"modified":"2024-01-10T17:28:33","modified_gmt":"2024-01-10T16:28:33","slug":"limon","status":"publish","type":"product","link":"https:\/\/test.cracxilitol.com\/en\/caramelos-xilitol\/limon\/","title":{"rendered":"Lemon"},"content":{"rendered":"","protected":false},"excerpt":{"rendered":"<p><img loading=\"lazy\" decoding=\"async\" class=\"alignnone size-full wp-image-103\" src=\"https:\/\/test.cracxilitol.com\/wp-content\/uploads\/2018\/04\/cracx-lemon.png\" alt=\"\" width=\"303\" height=\"51\" \/><\/p>\n<p>And all that i can see \u2026 the most catchy taste in yellow crystals that contain the authentic flavor of the most popular citrus. Spanish lemon flavor with all of xylitol\u00b4s power in it.<\/p>\n<p>The most natural of our flavors for our vegan community and for all those who appreciate the taste of a nice juicy lemon.<\/p>\n<p>&#8211; FOR DIABETICS<br \/>\n&#8211; GLUTEN FREE<br \/>\n&#8211; AIDS TEETH MINERALIZATION<br \/>\n&#8211; SUITABLE FOR VEGANS<br \/>\n&#8211; LACTOSE FREE<br \/>\n&#8211; SUGARS FREE<\/p>\n<p><img loading=\"lazy\" decoding=\"async\" class=\"alignnone size-full wp-image-111\" src=\"https:\/\/test.cracxilitol.com\/wp-content\/uploads\/2018\/04\/iconos-limon.png\" alt=\"\" width=\"415\" height=\"62\" \/><\/p>\n","protected":false},"featured_media":322,"template":"","meta":{"_acf_changed":false,"om_disable_all_campaigns":false},"product_brand":[],"product_cat":[18],"product_tag":[21],"class_list":{"0":"post-27","1":"product","2":"type-product","3":"status-publish","4":"has-post-thumbnail","6":"product_cat-sabores","7":"product_tag-limon","9":"first","10":"instock","11":"shipping-taxable","12":"purchasable","13":"product-type-simple"},"acf":[],"yoast_head":"<!-- This site is optimized with the Yoast SEO plugin v23.0 - https:\/\/yoast.com\/wordpress\/plugins\/seo\/ -->\n<title>Lemon - Caramelos Cracx<\/title>\n<meta name=\"robots\" content=\"index, follow, max-snippet:-1, max-image-preview:large, max-video-preview:-1\" \/>\n<link rel=\"canonical\" href=\"https:\/\/test.cracxilitol.com\/caramelos-xilitol\/limon\/\" \/>\n<meta property=\"og:locale\" content=\"en_US\" \/>\n<meta property=\"og:type\" content=\"article\" \/>\n<meta property=\"og:title\" content=\"[:es]Lim\u00f3n[:en]Lemon[:] - Caramelos Cracx\" \/>\n<meta property=\"og:description\" content=\"[:es]  Mi lim\u00f3n, mi limonero\u2026 el sabor mas pegadizo en cristales amarillos que contienen el aut\u00e9ntico sabor del c\u00edtrico m\u00e1s popular. Sabor de lim\u00f3n espa\u00f1ol \u00a0con toda la potencia que el xilitol contiene.  El m\u00e1s natural de nuestros sabores para nuestra comunidad vegana y para todos los que saben apreciar el sabor de un buen lim\u00f3n.  - PARA PERSONAS CON DIABETES - SIN GLUTEN - AYUDA A MINERALIZAR - PARA V\u00c9GANOS - SIN LACTOSA - SIN AZUCARES  CONTENIDO DE LA LATA 35 GRAMOS  [:en]  And all that i can see \u2026 the most catchy taste in yellow crystals that contain the authentic flavor of the most popular citrus. Spanish lemon flavor with all of xylitol\u00b4s power in it.  The most natural of our flavors for our vegan community and for all those who appreciate the taste of a nice juicy lemon.  - FOR DIABETICS - GLUTEN FREE - AIDS TEETH MINERALIZATION - SUITABLE FOR VEGANS - LACTOSE FREE - SUGARS FREE  [:]\" \/>\n<meta property=\"og:url\" content=\"https:\/\/test.cracxilitol.com\/caramelos-xilitol\/limon\/\" \/>\n<meta property=\"og:site_name\" content=\"Caramelos Cracx\" \/>\n<meta property=\"article:modified_time\" content=\"2024-01-10T16:28:33+00:00\" \/>\n<meta property=\"og:image\" content=\"https:\/\/test.cracxilitol.com\/wp-content\/uploads\/2018\/03\/cracx-logo-limon.jpg\" \/>\n\t<meta property=\"og:image:width\" content=\"130\" \/>\n\t<meta property=\"og:image:height\" content=\"310\" \/>\n\t<meta property=\"og:image:type\" content=\"image\/jpeg\" \/>\n<meta name=\"twitter:card\" content=\"summary_large_image\" \/>\n<script type=\"application\/ld+json\" class=\"yoast-schema-graph\">{\"@context\":\"https:\/\/schema.org\",\"@graph\":[{\"@type\":\"WebPage\",\"@id\":\"https:\/\/test.cracxilitol.com\/caramelos-xilitol\/limon\/\",\"url\":\"https:\/\/test.cracxilitol.com\/caramelos-xilitol\/limon\/\",\"name\":\"[:es]Lim\u00f3n[:en]Lemon[:] - Caramelos Cracx\",\"isPartOf\":{\"@id\":\"https:\/\/test.cracxilitol.com\/#website\"},\"primaryImageOfPage\":{\"@id\":\"https:\/\/test.cracxilitol.com\/caramelos-xilitol\/limon\/#primaryimage\"},\"image\":{\"@id\":\"https:\/\/test.cracxilitol.com\/caramelos-xilitol\/limon\/#primaryimage\"},\"thumbnailUrl\":\"https:\/\/test.cracxilitol.com\/wp-content\/uploads\/2018\/03\/cracx-logo-limon.jpg\",\"datePublished\":\"2018-03-06T01:45:32+00:00\",\"dateModified\":\"2024-01-10T16:28:33+00:00\",\"breadcrumb\":{\"@id\":\"https:\/\/test.cracxilitol.com\/caramelos-xilitol\/limon\/#breadcrumb\"},\"inLanguage\":\"en-US\",\"potentialAction\":[{\"@type\":\"ReadAction\",\"target\":[\"https:\/\/test.cracxilitol.com\/caramelos-xilitol\/limon\/\"]}]},{\"@type\":\"ImageObject\",\"inLanguage\":\"en-US\",\"@id\":\"https:\/\/test.cracxilitol.com\/caramelos-xilitol\/limon\/#primaryimage\",\"url\":\"https:\/\/test.cracxilitol.com\/wp-content\/uploads\/2018\/03\/cracx-logo-limon.jpg\",\"contentUrl\":\"https:\/\/test.cracxilitol.com\/wp-content\/uploads\/2018\/03\/cracx-logo-limon.jpg\",\"width\":130,\"height\":310},{\"@type\":\"BreadcrumbList\",\"@id\":\"https:\/\/test.cracxilitol.com\/caramelos-xilitol\/limon\/#breadcrumb\",\"itemListElement\":[{\"@type\":\"ListItem\",\"position\":1,\"name\":\"Portada\",\"item\":\"https:\/\/test.cracxilitol.com\/\"},{\"@type\":\"ListItem\",\"position\":2,\"name\":\"Lim\u00f3n\"}]},{\"@type\":\"WebSite\",\"@id\":\"https:\/\/test.cracxilitol.com\/#website\",\"url\":\"https:\/\/test.cracxilitol.com\/\",\"name\":\"Caramelos Cracx\",\"description\":\"Caramelos sin azucar 100% xilitol\",\"publisher\":{\"@id\":\"https:\/\/test.cracxilitol.com\/#organization\"},\"potentialAction\":[{\"@type\":\"SearchAction\",\"target\":{\"@type\":\"EntryPoint\",\"urlTemplate\":\"https:\/\/test.cracxilitol.com\/?s={search_term_string}\"},\"query-input\":\"required name=search_term_string\"}],\"inLanguage\":\"en-US\"},{\"@type\":\"Organization\",\"@id\":\"https:\/\/test.cracxilitol.com\/#organization\",\"name\":\"Caramelos Cracx\",\"url\":\"https:\/\/test.cracxilitol.com\/\",\"logo\":{\"@type\":\"ImageObject\",\"inLanguage\":\"en-US\",\"@id\":\"https:\/\/test.cracxilitol.com\/#\/schema\/logo\/image\/\",\"url\":\"https:\/\/test.cracxilitol.com\/wp-content\/uploads\/2024\/07\/cropped-LOGO-ROJO.png\",\"contentUrl\":\"https:\/\/test.cracxilitol.com\/wp-content\/uploads\/2024\/07\/cropped-LOGO-ROJO.png\",\"width\":188,\"height\":81,\"caption\":\"Caramelos Cracx\"},\"image\":{\"@id\":\"https:\/\/test.cracxilitol.com\/#\/schema\/logo\/image\/\"}}]}<\/script>\n<!-- \/ Yoast SEO plugin. -->","yoast_head_json":{"title":"[:es]Lim\u00f3n[:en]Lemon[:] - Caramelos Cracx","robots":{"index":"index","follow":"follow","max-snippet":"max-snippet:-1","max-image-preview":"max-image-preview:large","max-video-preview":"max-video-preview:-1"},"canonical":"https:\/\/test.cracxilitol.com\/caramelos-xilitol\/limon\/","og_locale":"en_US","og_type":"article","og_title":"[:es]Lim\u00f3n[:en]Lemon[:] - Caramelos Cracx","og_description":"[:es]  Mi lim\u00f3n, mi limonero\u2026 el sabor mas pegadizo en cristales amarillos que contienen el aut\u00e9ntico sabor del c\u00edtrico m\u00e1s popular. Sabor de lim\u00f3n espa\u00f1ol \u00a0con toda la potencia que el xilitol contiene.  El m\u00e1s natural de nuestros sabores para nuestra comunidad vegana y para todos los que saben apreciar el sabor de un buen lim\u00f3n.  - PARA PERSONAS CON DIABETES - SIN GLUTEN - AYUDA A MINERALIZAR - PARA V\u00c9GANOS - SIN LACTOSA - SIN AZUCARES  CONTENIDO DE LA LATA 35 GRAMOS  [:en]  And all that i can see \u2026 the most catchy taste in yellow crystals that contain the authentic flavor of the most popular citrus. Spanish lemon flavor with all of xylitol\u00b4s power in it.  The most natural of our flavors for our vegan community and for all those who appreciate the taste of a nice juicy lemon.  - FOR DIABETICS - GLUTEN FREE - AIDS TEETH MINERALIZATION - SUITABLE FOR VEGANS - LACTOSE FREE - SUGARS FREE  [:]","og_url":"https:\/\/test.cracxilitol.com\/caramelos-xilitol\/limon\/","og_site_name":"Caramelos Cracx","article_modified_time":"2024-01-10T16:28:33+00:00","og_image":[{"width":130,"height":310,"url":"https:\/\/test.cracxilitol.com\/wp-content\/uploads\/2018\/03\/cracx-logo-limon.jpg","type":"image\/jpeg"}],"twitter_card":"summary_large_image","schema":{"@context":"https:\/\/schema.org","@graph":[{"@type":"WebPage","@id":"https:\/\/test.cracxilitol.com\/caramelos-xilitol\/limon\/","url":"https:\/\/test.cracxilitol.com\/caramelos-xilitol\/limon\/","name":"[:es]Lim\u00f3n[:en]Lemon[:] - Caramelos Cracx","isPartOf":{"@id":"https:\/\/test.cracxilitol.com\/#website"},"primaryImageOfPage":{"@id":"https:\/\/test.cracxilitol.com\/caramelos-xilitol\/limon\/#primaryimage"},"image":{"@id":"https:\/\/test.cracxilitol.com\/caramelos-xilitol\/limon\/#primaryimage"},"thumbnailUrl":"https:\/\/test.cracxilitol.com\/wp-content\/uploads\/2018\/03\/cracx-logo-limon.jpg","datePublished":"2018-03-06T01:45:32+00:00","dateModified":"2024-01-10T16:28:33+00:00","breadcrumb":{"@id":"https:\/\/test.cracxilitol.com\/caramelos-xilitol\/limon\/#breadcrumb"},"inLanguage":"en-US","potentialAction":[{"@type":"ReadAction","target":["https:\/\/test.cracxilitol.com\/caramelos-xilitol\/limon\/"]}]},{"@type":"ImageObject","inLanguage":"en-US","@id":"https:\/\/test.cracxilitol.com\/caramelos-xilitol\/limon\/#primaryimage","url":"https:\/\/test.cracxilitol.com\/wp-content\/uploads\/2018\/03\/cracx-logo-limon.jpg","contentUrl":"https:\/\/test.cracxilitol.com\/wp-content\/uploads\/2018\/03\/cracx-logo-limon.jpg","width":130,"height":310},{"@type":"BreadcrumbList","@id":"https:\/\/test.cracxilitol.com\/caramelos-xilitol\/limon\/#breadcrumb","itemListElement":[{"@type":"ListItem","position":1,"name":"Portada","item":"https:\/\/test.cracxilitol.com\/"},{"@type":"ListItem","position":2,"name":"Lim\u00f3n"}]},{"@type":"WebSite","@id":"https:\/\/test.cracxilitol.com\/#website","url":"https:\/\/test.cracxilitol.com\/","name":"Caramelos Cracx","description":"Caramelos sin azucar 100% xilitol","publisher":{"@id":"https:\/\/test.cracxilitol.com\/#organization"},"potentialAction":[{"@type":"SearchAction","target":{"@type":"EntryPoint","urlTemplate":"https:\/\/test.cracxilitol.com\/?s={search_term_string}"},"query-input":"required name=search_term_string"}],"inLanguage":"en-US"},{"@type":"Organization","@id":"https:\/\/test.cracxilitol.com\/#organization","name":"Caramelos Cracx","url":"https:\/\/test.cracxilitol.com\/","logo":{"@type":"ImageObject","inLanguage":"en-US","@id":"https:\/\/test.cracxilitol.com\/#\/schema\/logo\/image\/","url":"https:\/\/test.cracxilitol.com\/wp-content\/uploads\/2024\/07\/cropped-LOGO-ROJO.png","contentUrl":"https:\/\/test.cracxilitol.com\/wp-content\/uploads\/2024\/07\/cropped-LOGO-ROJO.png","width":188,"height":81,"caption":"Caramelos Cracx"},"image":{"@id":"https:\/\/test.cracxilitol.com\/#\/schema\/logo\/image\/"}}]}},"_links":{"self":[{"href":"https:\/\/test.cracxilitol.com\/en\/wp-json\/wp\/v2\/product\/27"}],"collection":[{"href":"https:\/\/test.cracxilitol.com\/en\/wp-json\/wp\/v2\/product"}],"about":[{"href":"https:\/\/test.cracxilitol.com\/en\/wp-json\/wp\/v2\/types\/product"}],"wp:featuredmedia":[{"embeddable":true,"href":"https:\/\/test.cracxilitol.com\/en\/wp-json\/wp\/v2\/media\/322"}],"wp:attachment":[{"href":"https:\/\/test.cracxilitol.com\/en\/wp-json\/wp\/v2\/media?parent=27"}],"wp:term":[{"taxonomy":"product_brand","embeddable":true,"href":"https:\/\/test.cracxilitol.com\/en\/wp-json\/wp\/v2\/product_brand?post=27"},{"taxonomy":"product_cat","embeddable":true,"href":"https:\/\/test.cracxilitol.com\/en\/wp-json\/wp\/v2\/product_cat?post=27"},{"taxonomy":"product_tag","embeddable":true,"href":"https:\/\/test.cracxilitol.com\/en\/wp-json\/wp\/v2\/product_tag?post=27"}],"curies":[{"name":"wp","href":"https:\/\/api.w.org\/{rel}","templated":true}]}}