{"id":2670,"date":"2024-05-27T15:41:50","date_gmt":"2024-05-27T14:41:50","guid":{"rendered":"https:\/\/test.cracxilitol.com\/?post_type=product&#038;p=2670"},"modified":"2024-08-14T09:10:33","modified_gmt":"2024-08-14T08:10:33","slug":"pack-4-sabores","status":"publish","type":"product","link":"https:\/\/test.cracxilitol.com\/en\/caramelos-xilitol\/pack-4-sabores\/","title":{"rendered":"(Espa\u00f1ol) Pack 4 Sabores"},"content":{"rendered":"<p class=\"qtranxs-available-languages-message qtranxs-available-languages-message-en\">Sorry, this entry is only available in <a href=\"https:\/\/test.cracxilitol.com\/es\/wp-json\/wp\/v2\/product\/2670\" class=\"qtranxs-available-language-link qtranxs-available-language-link-es\" title=\"Espa\u00f1ol\">Espa\u00f1ol<\/a>.<\/p>","protected":false},"excerpt":{"rendered":"<p class=\"qtranxs-available-languages-message qtranxs-available-languages-message-en\">Sorry, this entry is only available in <a href=\"https:\/\/test.cracxilitol.com\/es\/wp-json\/wp\/v2\/product\/2670\" class=\"qtranxs-available-language-link qtranxs-available-language-link-es\" title=\"Espa\u00f1ol\">Espa\u00f1ol<\/a>.<\/p>\n","protected":false},"featured_media":3923,"template":"","meta":{"_acf_changed":false,"om_disable_all_campaigns":false},"product_brand":[],"product_cat":[18],"product_tag":[],"class_list":{"0":"post-2670","1":"product","2":"type-product","3":"status-publish","4":"has-post-thumbnail","6":"product_cat-sabores","8":"first","9":"instock","10":"shipping-taxable","11":"purchasable","12":"product-type-simple"},"acf":[],"yoast_head":"<!-- This site is optimized with the Yoast SEO plugin v23.0 - https:\/\/yoast.com\/wordpress\/plugins\/seo\/ -->\n<title><\/title>\n<meta name=\"description\" content=\"{:es}Pack CRACX 4 Unidades: Menta, Cereza, Lim\u00f3n y Sand\u00edaDescubre el frescor y cuidado bucal con nuestro exclusivo Pack CRACX de 4 unidades. Este paquete contiene nuestros sabores m\u00e1s populares: menta, cereza, lim\u00f3n y sand\u00eda, ideales para mantener tu boca sana y fresca en cualquier momento del d\u00eda. % - {:}\" \/>\n<meta name=\"robots\" content=\"index, follow, max-snippet:-1, max-image-preview:large, max-video-preview:-1\" \/>\n<link rel=\"canonical\" href=\"https:\/\/test.cracxilitol.com\/caramelos-xilitol\/pack-4-sabores\/\" \/>\n<meta property=\"og:locale\" content=\"en_US\" \/>\n<meta property=\"og:type\" content=\"article\" \/>\n<meta property=\"og:title\" content=\"[:es]Pack 4 Sabores[:] - Caramelos Cracx\" \/>\n<meta property=\"og:description\" content=\"{:es}Pack CRACX 4 Unidades: Menta, Cereza, Lim\u00f3n y Sand\u00edaDescubre el frescor y cuidado bucal con nuestro exclusivo Pack CRACX de 4 unidades. Este paquete contiene nuestros sabores m\u00e1s populares: menta, cereza, lim\u00f3n y sand\u00eda, ideales para mantener tu boca sana y fresca en cualquier momento del d\u00eda. % - {:}\" \/>\n<meta property=\"og:url\" content=\"https:\/\/test.cracxilitol.com\/caramelos-xilitol\/pack-4-sabores\/\" \/>\n<meta property=\"og:site_name\" content=\"Caramelos Cracx\" \/>\n<meta property=\"article:modified_time\" content=\"2024-08-14T08:10:33+00:00\" \/>\n<meta property=\"og:image\" content=\"https:\/\/test.cracxilitol.com\/wp-content\/uploads\/2024\/05\/HOJA-DEGRADADO-logo-cracx.jpg\" \/>\n\t<meta property=\"og:image:width\" content=\"134\" \/>\n\t<meta property=\"og:image:height\" content=\"199\" \/>\n\t<meta property=\"og:image:type\" content=\"image\/jpeg\" \/>\n<meta name=\"twitter:card\" content=\"summary_large_image\" \/>\n<meta name=\"twitter:label1\" content=\"Est. reading time\" \/>\n\t<meta name=\"twitter:data1\" content=\"2 minutes\" \/>\n<script type=\"application\/ld+json\" class=\"yoast-schema-graph\">{\"@context\":\"https:\/\/schema.org\",\"@graph\":[{\"@type\":\"WebPage\",\"@id\":\"https:\/\/test.cracxilitol.com\/caramelos-xilitol\/pack-4-sabores\/\",\"url\":\"https:\/\/test.cracxilitol.com\/caramelos-xilitol\/pack-4-sabores\/\",\"name\":\"[:es]Pack 4 Sabores[:] - Caramelos Cracx\",\"isPartOf\":{\"@id\":\"https:\/\/test.cracxilitol.com\/#website\"},\"primaryImageOfPage\":{\"@id\":\"https:\/\/test.cracxilitol.com\/caramelos-xilitol\/pack-4-sabores\/#primaryimage\"},\"image\":{\"@id\":\"https:\/\/test.cracxilitol.com\/caramelos-xilitol\/pack-4-sabores\/#primaryimage\"},\"thumbnailUrl\":\"https:\/\/test.cracxilitol.com\/wp-content\/uploads\/2024\/05\/HOJA-DEGRADADO-logo-cracx.jpg\",\"datePublished\":\"2024-05-27T14:41:50+00:00\",\"dateModified\":\"2024-08-14T08:10:33+00:00\",\"description\":\"{:es}Pack CRACX 4 Unidades: Menta, Cereza, Lim\u00f3n y Sand\u00edaDescubre el frescor y cuidado bucal con nuestro exclusivo Pack CRACX de 4 unidades. Este paquete contiene nuestros sabores m\u00e1s populares: menta, cereza, lim\u00f3n y sand\u00eda, ideales para mantener tu boca sana y fresca en cualquier momento del d\u00eda. % - {:}\",\"breadcrumb\":{\"@id\":\"https:\/\/test.cracxilitol.com\/caramelos-xilitol\/pack-4-sabores\/#breadcrumb\"},\"inLanguage\":\"en-US\",\"potentialAction\":[{\"@type\":\"ReadAction\",\"target\":[\"https:\/\/test.cracxilitol.com\/caramelos-xilitol\/pack-4-sabores\/\"]}]},{\"@type\":\"ImageObject\",\"inLanguage\":\"en-US\",\"@id\":\"https:\/\/test.cracxilitol.com\/caramelos-xilitol\/pack-4-sabores\/#primaryimage\",\"url\":\"https:\/\/test.cracxilitol.com\/wp-content\/uploads\/2024\/05\/HOJA-DEGRADADO-logo-cracx.jpg\",\"contentUrl\":\"https:\/\/test.cracxilitol.com\/wp-content\/uploads\/2024\/05\/HOJA-DEGRADADO-logo-cracx.jpg\",\"width\":134,\"height\":199},{\"@type\":\"BreadcrumbList\",\"@id\":\"https:\/\/test.cracxilitol.com\/caramelos-xilitol\/pack-4-sabores\/#breadcrumb\",\"itemListElement\":[{\"@type\":\"ListItem\",\"position\":1,\"name\":\"Portada\",\"item\":\"https:\/\/test.cracxilitol.com\/\"},{\"@type\":\"ListItem\",\"position\":2,\"name\":\"Pack 4 Sabores\"}]},{\"@type\":\"WebSite\",\"@id\":\"https:\/\/test.cracxilitol.com\/#website\",\"url\":\"https:\/\/test.cracxilitol.com\/\",\"name\":\"Caramelos Cracx\",\"description\":\"Caramelos sin azucar 100% xilitol\",\"publisher\":{\"@id\":\"https:\/\/test.cracxilitol.com\/#organization\"},\"potentialAction\":[{\"@type\":\"SearchAction\",\"target\":{\"@type\":\"EntryPoint\",\"urlTemplate\":\"https:\/\/test.cracxilitol.com\/?s={search_term_string}\"},\"query-input\":\"required name=search_term_string\"}],\"inLanguage\":\"en-US\"},{\"@type\":\"Organization\",\"@id\":\"https:\/\/test.cracxilitol.com\/#organization\",\"name\":\"Caramelos Cracx\",\"url\":\"https:\/\/test.cracxilitol.com\/\",\"logo\":{\"@type\":\"ImageObject\",\"inLanguage\":\"en-US\",\"@id\":\"https:\/\/test.cracxilitol.com\/#\/schema\/logo\/image\/\",\"url\":\"https:\/\/test.cracxilitol.com\/wp-content\/uploads\/2024\/07\/cropped-LOGO-ROJO.png\",\"contentUrl\":\"https:\/\/test.cracxilitol.com\/wp-content\/uploads\/2024\/07\/cropped-LOGO-ROJO.png\",\"width\":188,\"height\":81,\"caption\":\"Caramelos Cracx\"},\"image\":{\"@id\":\"https:\/\/test.cracxilitol.com\/#\/schema\/logo\/image\/\"}}]}<\/script>\n<!-- \/ Yoast SEO plugin. -->","yoast_head_json":{"title":"[:es]Pack 4 Sabores[:] - Caramelos Cracx","description":"{:es}Pack CRACX 4 Unidades: Menta, Cereza, Lim\u00f3n y Sand\u00edaDescubre el frescor y cuidado bucal con nuestro exclusivo Pack CRACX de 4 unidades. Este paquete contiene nuestros sabores m\u00e1s populares: menta, cereza, lim\u00f3n y sand\u00eda, ideales para mantener tu boca sana y fresca en cualquier momento del d\u00eda. % - {:}","robots":{"index":"index","follow":"follow","max-snippet":"max-snippet:-1","max-image-preview":"max-image-preview:large","max-video-preview":"max-video-preview:-1"},"canonical":"https:\/\/test.cracxilitol.com\/caramelos-xilitol\/pack-4-sabores\/","og_locale":"en_US","og_type":"article","og_title":"[:es]Pack 4 Sabores[:] - Caramelos Cracx","og_description":"{:es}Pack CRACX 4 Unidades: Menta, Cereza, Lim\u00f3n y Sand\u00edaDescubre el frescor y cuidado bucal con nuestro exclusivo Pack CRACX de 4 unidades. Este paquete contiene nuestros sabores m\u00e1s populares: menta, cereza, lim\u00f3n y sand\u00eda, ideales para mantener tu boca sana y fresca en cualquier momento del d\u00eda. % - {:}","og_url":"https:\/\/test.cracxilitol.com\/caramelos-xilitol\/pack-4-sabores\/","og_site_name":"Caramelos Cracx","article_modified_time":"2024-08-14T08:10:33+00:00","og_image":[{"width":134,"height":199,"url":"https:\/\/test.cracxilitol.com\/wp-content\/uploads\/2024\/05\/HOJA-DEGRADADO-logo-cracx.jpg","type":"image\/jpeg"}],"twitter_card":"summary_large_image","twitter_misc":{"Est. reading time":"2 minutes"},"schema":{"@context":"https:\/\/schema.org","@graph":[{"@type":"WebPage","@id":"https:\/\/test.cracxilitol.com\/caramelos-xilitol\/pack-4-sabores\/","url":"https:\/\/test.cracxilitol.com\/caramelos-xilitol\/pack-4-sabores\/","name":"[:es]Pack 4 Sabores[:] - Caramelos Cracx","isPartOf":{"@id":"https:\/\/test.cracxilitol.com\/#website"},"primaryImageOfPage":{"@id":"https:\/\/test.cracxilitol.com\/caramelos-xilitol\/pack-4-sabores\/#primaryimage"},"image":{"@id":"https:\/\/test.cracxilitol.com\/caramelos-xilitol\/pack-4-sabores\/#primaryimage"},"thumbnailUrl":"https:\/\/test.cracxilitol.com\/wp-content\/uploads\/2024\/05\/HOJA-DEGRADADO-logo-cracx.jpg","datePublished":"2024-05-27T14:41:50+00:00","dateModified":"2024-08-14T08:10:33+00:00","description":"{:es}Pack CRACX 4 Unidades: Menta, Cereza, Lim\u00f3n y Sand\u00edaDescubre el frescor y cuidado bucal con nuestro exclusivo Pack CRACX de 4 unidades. Este paquete contiene nuestros sabores m\u00e1s populares: menta, cereza, lim\u00f3n y sand\u00eda, ideales para mantener tu boca sana y fresca en cualquier momento del d\u00eda. % - {:}","breadcrumb":{"@id":"https:\/\/test.cracxilitol.com\/caramelos-xilitol\/pack-4-sabores\/#breadcrumb"},"inLanguage":"en-US","potentialAction":[{"@type":"ReadAction","target":["https:\/\/test.cracxilitol.com\/caramelos-xilitol\/pack-4-sabores\/"]}]},{"@type":"ImageObject","inLanguage":"en-US","@id":"https:\/\/test.cracxilitol.com\/caramelos-xilitol\/pack-4-sabores\/#primaryimage","url":"https:\/\/test.cracxilitol.com\/wp-content\/uploads\/2024\/05\/HOJA-DEGRADADO-logo-cracx.jpg","contentUrl":"https:\/\/test.cracxilitol.com\/wp-content\/uploads\/2024\/05\/HOJA-DEGRADADO-logo-cracx.jpg","width":134,"height":199},{"@type":"BreadcrumbList","@id":"https:\/\/test.cracxilitol.com\/caramelos-xilitol\/pack-4-sabores\/#breadcrumb","itemListElement":[{"@type":"ListItem","position":1,"name":"Portada","item":"https:\/\/test.cracxilitol.com\/"},{"@type":"ListItem","position":2,"name":"Pack 4 Sabores"}]},{"@type":"WebSite","@id":"https:\/\/test.cracxilitol.com\/#website","url":"https:\/\/test.cracxilitol.com\/","name":"Caramelos Cracx","description":"Caramelos sin azucar 100% xilitol","publisher":{"@id":"https:\/\/test.cracxilitol.com\/#organization"},"potentialAction":[{"@type":"SearchAction","target":{"@type":"EntryPoint","urlTemplate":"https:\/\/test.cracxilitol.com\/?s={search_term_string}"},"query-input":"required name=search_term_string"}],"inLanguage":"en-US"},{"@type":"Organization","@id":"https:\/\/test.cracxilitol.com\/#organization","name":"Caramelos Cracx","url":"https:\/\/test.cracxilitol.com\/","logo":{"@type":"ImageObject","inLanguage":"en-US","@id":"https:\/\/test.cracxilitol.com\/#\/schema\/logo\/image\/","url":"https:\/\/test.cracxilitol.com\/wp-content\/uploads\/2024\/07\/cropped-LOGO-ROJO.png","contentUrl":"https:\/\/test.cracxilitol.com\/wp-content\/uploads\/2024\/07\/cropped-LOGO-ROJO.png","width":188,"height":81,"caption":"Caramelos Cracx"},"image":{"@id":"https:\/\/test.cracxilitol.com\/#\/schema\/logo\/image\/"}}]}},"_links":{"self":[{"href":"https:\/\/test.cracxilitol.com\/en\/wp-json\/wp\/v2\/product\/2670"}],"collection":[{"href":"https:\/\/test.cracxilitol.com\/en\/wp-json\/wp\/v2\/product"}],"about":[{"href":"https:\/\/test.cracxilitol.com\/en\/wp-json\/wp\/v2\/types\/product"}],"wp:featuredmedia":[{"embeddable":true,"href":"https:\/\/test.cracxilitol.com\/en\/wp-json\/wp\/v2\/media\/3923"}],"wp:attachment":[{"href":"https:\/\/test.cracxilitol.com\/en\/wp-json\/wp\/v2\/media?parent=2670"}],"wp:term":[{"taxonomy":"product_brand","embeddable":true,"href":"https:\/\/test.cracxilitol.com\/en\/wp-json\/wp\/v2\/product_brand?post=2670"},{"taxonomy":"product_cat","embeddable":true,"href":"https:\/\/test.cracxilitol.com\/en\/wp-json\/wp\/v2\/product_cat?post=2670"},{"taxonomy":"product_tag","embeddable":true,"href":"https:\/\/test.cracxilitol.com\/en\/wp-json\/wp\/v2\/product_tag?post=2670"}],"curies":[{"name":"wp","href":"https:\/\/api.w.org\/{rel}","templated":true}]}}