{"id":26,"date":"2018-03-06T02:44:25","date_gmt":"2018-03-06T01:44:25","guid":{"rendered":"https:\/\/test.cracxilitol.com\/?post_type=product&#038;p=26"},"modified":"2024-01-10T17:28:43","modified_gmt":"2024-01-10T16:28:43","slug":"cereza","status":"publish","type":"product","link":"https:\/\/test.cracxilitol.com\/en\/caramelos-xilitol\/cereza\/","title":{"rendered":"Cherry"},"content":{"rendered":"","protected":false},"excerpt":{"rendered":"<p><img loading=\"lazy\" decoding=\"async\" class=\"alignnone size-full wp-image-102\" src=\"https:\/\/test.cracxilitol.com\/wp-content\/uploads\/2018\/04\/cracx-cherry.png\" alt=\"\" width=\"324\" height=\"82\" \/><\/p>\n<p>Intense red and fruity flavor. These red crystals will make you enjoy the taste of the freshest and most natural cherry. Cracx puts the icing on your day with the taste of the most delicious and passionate fruit. The most intense flavor of Cracx.<br \/>\nJoin us!!<\/p>\n<p>-DIABETES FRIENDLY<br \/>\n-GLUTEN FREE<br \/>\n-AIDS MINERALIZATION<br \/>\n-LACTOSE FREE<br \/>\n-SUGAR FREE<\/p>\n<p><img loading=\"lazy\" decoding=\"async\" class=\"alignnone size-full wp-image-110\" src=\"https:\/\/test.cracxilitol.com\/wp-content\/uploads\/2018\/04\/iconos-cereza.png\" alt=\"\" width=\"337\" height=\"57\" \/><\/p>\n","protected":false},"featured_media":320,"template":"","meta":{"_acf_changed":false,"om_disable_all_campaigns":false},"product_brand":[],"product_cat":[18],"product_tag":[20],"class_list":{"0":"post-26","1":"product","2":"type-product","3":"status-publish","4":"has-post-thumbnail","6":"product_cat-sabores","7":"product_tag-cereza","9":"first","10":"instock","11":"shipping-taxable","12":"purchasable","13":"product-type-simple"},"acf":[],"yoast_head":"<!-- This site is optimized with the Yoast SEO plugin v23.0 - https:\/\/yoast.com\/wordpress\/plugins\/seo\/ -->\n<title>Cherry - Caramelos Cracx<\/title>\n<meta name=\"robots\" content=\"index, follow, max-snippet:-1, max-image-preview:large, max-video-preview:-1\" \/>\n<link rel=\"canonical\" href=\"https:\/\/test.cracxilitol.com\/caramelos-xilitol\/cereza\/\" \/>\n<meta property=\"og:locale\" content=\"en_US\" \/>\n<meta property=\"og:type\" content=\"article\" \/>\n<meta property=\"og:title\" content=\"[:es]Cereza[:en]Cherry[:] - Caramelos Cracx\" \/>\n<meta property=\"og:description\" content=\"[:es]  Rojo intenso, sabor frutal. Estos cristalitos rojos te har\u00e1n disfrutar del sabor de la cereza m\u00e1s fresca y natural. Cracx pone la guinda a tu d\u00eda con el sabor de la fruta m\u00e1s deliciosa y pasional. El sabor m\u00e1s intenso de Cracx . \u00a1\u00a1\u00danete a el!!!  - PARA PERSONAS CON DIABETES - SIN GLUTEN - AYUDA A MINERALIZAR - SIN LACTOSA - SIN AZUCARES  CONTENIDO DE LA LATA 35 GRAMOS  [:en]  Intense red and fruity flavor. These red crystals will make you enjoy the taste of the freshest and most natural cherry. Cracx puts the icing on your day with the taste of the most delicious and passionate fruit. The most intense flavor of Cracx. Join us!!  -DIABETES FRIENDLY -GLUTEN FREE -AIDS MINERALIZATION -LACTOSE FREE -SUGAR FREE  [:]\" \/>\n<meta property=\"og:url\" content=\"https:\/\/test.cracxilitol.com\/caramelos-xilitol\/cereza\/\" \/>\n<meta property=\"og:site_name\" content=\"Caramelos Cracx\" \/>\n<meta property=\"article:modified_time\" content=\"2024-01-10T16:28:43+00:00\" \/>\n<meta property=\"og:image\" content=\"https:\/\/test.cracxilitol.com\/wp-content\/uploads\/2018\/03\/cracx-logo-cereza.jpg\" \/>\n\t<meta property=\"og:image:width\" content=\"129\" \/>\n\t<meta property=\"og:image:height\" content=\"310\" \/>\n\t<meta property=\"og:image:type\" content=\"image\/jpeg\" \/>\n<meta name=\"twitter:card\" content=\"summary_large_image\" \/>\n<script type=\"application\/ld+json\" class=\"yoast-schema-graph\">{\"@context\":\"https:\/\/schema.org\",\"@graph\":[{\"@type\":\"WebPage\",\"@id\":\"https:\/\/test.cracxilitol.com\/caramelos-xilitol\/cereza\/\",\"url\":\"https:\/\/test.cracxilitol.com\/caramelos-xilitol\/cereza\/\",\"name\":\"[:es]Cereza[:en]Cherry[:] - Caramelos Cracx\",\"isPartOf\":{\"@id\":\"https:\/\/test.cracxilitol.com\/#website\"},\"primaryImageOfPage\":{\"@id\":\"https:\/\/test.cracxilitol.com\/caramelos-xilitol\/cereza\/#primaryimage\"},\"image\":{\"@id\":\"https:\/\/test.cracxilitol.com\/caramelos-xilitol\/cereza\/#primaryimage\"},\"thumbnailUrl\":\"https:\/\/test.cracxilitol.com\/wp-content\/uploads\/2018\/03\/cracx-logo-cereza.jpg\",\"datePublished\":\"2018-03-06T01:44:25+00:00\",\"dateModified\":\"2024-01-10T16:28:43+00:00\",\"breadcrumb\":{\"@id\":\"https:\/\/test.cracxilitol.com\/caramelos-xilitol\/cereza\/#breadcrumb\"},\"inLanguage\":\"en-US\",\"potentialAction\":[{\"@type\":\"ReadAction\",\"target\":[\"https:\/\/test.cracxilitol.com\/caramelos-xilitol\/cereza\/\"]}]},{\"@type\":\"ImageObject\",\"inLanguage\":\"en-US\",\"@id\":\"https:\/\/test.cracxilitol.com\/caramelos-xilitol\/cereza\/#primaryimage\",\"url\":\"https:\/\/test.cracxilitol.com\/wp-content\/uploads\/2018\/03\/cracx-logo-cereza.jpg\",\"contentUrl\":\"https:\/\/test.cracxilitol.com\/wp-content\/uploads\/2018\/03\/cracx-logo-cereza.jpg\",\"width\":129,\"height\":310},{\"@type\":\"BreadcrumbList\",\"@id\":\"https:\/\/test.cracxilitol.com\/caramelos-xilitol\/cereza\/#breadcrumb\",\"itemListElement\":[{\"@type\":\"ListItem\",\"position\":1,\"name\":\"Portada\",\"item\":\"https:\/\/test.cracxilitol.com\/\"},{\"@type\":\"ListItem\",\"position\":2,\"name\":\"Cereza\"}]},{\"@type\":\"WebSite\",\"@id\":\"https:\/\/test.cracxilitol.com\/#website\",\"url\":\"https:\/\/test.cracxilitol.com\/\",\"name\":\"Caramelos Cracx\",\"description\":\"Caramelos sin azucar 100% xilitol\",\"publisher\":{\"@id\":\"https:\/\/test.cracxilitol.com\/#organization\"},\"potentialAction\":[{\"@type\":\"SearchAction\",\"target\":{\"@type\":\"EntryPoint\",\"urlTemplate\":\"https:\/\/test.cracxilitol.com\/?s={search_term_string}\"},\"query-input\":\"required name=search_term_string\"}],\"inLanguage\":\"en-US\"},{\"@type\":\"Organization\",\"@id\":\"https:\/\/test.cracxilitol.com\/#organization\",\"name\":\"Caramelos Cracx\",\"url\":\"https:\/\/test.cracxilitol.com\/\",\"logo\":{\"@type\":\"ImageObject\",\"inLanguage\":\"en-US\",\"@id\":\"https:\/\/test.cracxilitol.com\/#\/schema\/logo\/image\/\",\"url\":\"https:\/\/test.cracxilitol.com\/wp-content\/uploads\/2024\/07\/cropped-LOGO-ROJO.png\",\"contentUrl\":\"https:\/\/test.cracxilitol.com\/wp-content\/uploads\/2024\/07\/cropped-LOGO-ROJO.png\",\"width\":188,\"height\":81,\"caption\":\"Caramelos Cracx\"},\"image\":{\"@id\":\"https:\/\/test.cracxilitol.com\/#\/schema\/logo\/image\/\"}}]}<\/script>\n<!-- \/ Yoast SEO plugin. -->","yoast_head_json":{"title":"[:es]Cereza[:en]Cherry[:] - Caramelos Cracx","robots":{"index":"index","follow":"follow","max-snippet":"max-snippet:-1","max-image-preview":"max-image-preview:large","max-video-preview":"max-video-preview:-1"},"canonical":"https:\/\/test.cracxilitol.com\/caramelos-xilitol\/cereza\/","og_locale":"en_US","og_type":"article","og_title":"[:es]Cereza[:en]Cherry[:] - Caramelos Cracx","og_description":"[:es]  Rojo intenso, sabor frutal. Estos cristalitos rojos te har\u00e1n disfrutar del sabor de la cereza m\u00e1s fresca y natural. Cracx pone la guinda a tu d\u00eda con el sabor de la fruta m\u00e1s deliciosa y pasional. El sabor m\u00e1s intenso de Cracx . \u00a1\u00a1\u00danete a el!!!  - PARA PERSONAS CON DIABETES - SIN GLUTEN - AYUDA A MINERALIZAR - SIN LACTOSA - SIN AZUCARES  CONTENIDO DE LA LATA 35 GRAMOS  [:en]  Intense red and fruity flavor. These red crystals will make you enjoy the taste of the freshest and most natural cherry. Cracx puts the icing on your day with the taste of the most delicious and passionate fruit. The most intense flavor of Cracx. Join us!!  -DIABETES FRIENDLY -GLUTEN FREE -AIDS MINERALIZATION -LACTOSE FREE -SUGAR FREE  [:]","og_url":"https:\/\/test.cracxilitol.com\/caramelos-xilitol\/cereza\/","og_site_name":"Caramelos Cracx","article_modified_time":"2024-01-10T16:28:43+00:00","og_image":[{"width":129,"height":310,"url":"https:\/\/test.cracxilitol.com\/wp-content\/uploads\/2018\/03\/cracx-logo-cereza.jpg","type":"image\/jpeg"}],"twitter_card":"summary_large_image","schema":{"@context":"https:\/\/schema.org","@graph":[{"@type":"WebPage","@id":"https:\/\/test.cracxilitol.com\/caramelos-xilitol\/cereza\/","url":"https:\/\/test.cracxilitol.com\/caramelos-xilitol\/cereza\/","name":"[:es]Cereza[:en]Cherry[:] - Caramelos Cracx","isPartOf":{"@id":"https:\/\/test.cracxilitol.com\/#website"},"primaryImageOfPage":{"@id":"https:\/\/test.cracxilitol.com\/caramelos-xilitol\/cereza\/#primaryimage"},"image":{"@id":"https:\/\/test.cracxilitol.com\/caramelos-xilitol\/cereza\/#primaryimage"},"thumbnailUrl":"https:\/\/test.cracxilitol.com\/wp-content\/uploads\/2018\/03\/cracx-logo-cereza.jpg","datePublished":"2018-03-06T01:44:25+00:00","dateModified":"2024-01-10T16:28:43+00:00","breadcrumb":{"@id":"https:\/\/test.cracxilitol.com\/caramelos-xilitol\/cereza\/#breadcrumb"},"inLanguage":"en-US","potentialAction":[{"@type":"ReadAction","target":["https:\/\/test.cracxilitol.com\/caramelos-xilitol\/cereza\/"]}]},{"@type":"ImageObject","inLanguage":"en-US","@id":"https:\/\/test.cracxilitol.com\/caramelos-xilitol\/cereza\/#primaryimage","url":"https:\/\/test.cracxilitol.com\/wp-content\/uploads\/2018\/03\/cracx-logo-cereza.jpg","contentUrl":"https:\/\/test.cracxilitol.com\/wp-content\/uploads\/2018\/03\/cracx-logo-cereza.jpg","width":129,"height":310},{"@type":"BreadcrumbList","@id":"https:\/\/test.cracxilitol.com\/caramelos-xilitol\/cereza\/#breadcrumb","itemListElement":[{"@type":"ListItem","position":1,"name":"Portada","item":"https:\/\/test.cracxilitol.com\/"},{"@type":"ListItem","position":2,"name":"Cereza"}]},{"@type":"WebSite","@id":"https:\/\/test.cracxilitol.com\/#website","url":"https:\/\/test.cracxilitol.com\/","name":"Caramelos Cracx","description":"Caramelos sin azucar 100% xilitol","publisher":{"@id":"https:\/\/test.cracxilitol.com\/#organization"},"potentialAction":[{"@type":"SearchAction","target":{"@type":"EntryPoint","urlTemplate":"https:\/\/test.cracxilitol.com\/?s={search_term_string}"},"query-input":"required name=search_term_string"}],"inLanguage":"en-US"},{"@type":"Organization","@id":"https:\/\/test.cracxilitol.com\/#organization","name":"Caramelos Cracx","url":"https:\/\/test.cracxilitol.com\/","logo":{"@type":"ImageObject","inLanguage":"en-US","@id":"https:\/\/test.cracxilitol.com\/#\/schema\/logo\/image\/","url":"https:\/\/test.cracxilitol.com\/wp-content\/uploads\/2024\/07\/cropped-LOGO-ROJO.png","contentUrl":"https:\/\/test.cracxilitol.com\/wp-content\/uploads\/2024\/07\/cropped-LOGO-ROJO.png","width":188,"height":81,"caption":"Caramelos Cracx"},"image":{"@id":"https:\/\/test.cracxilitol.com\/#\/schema\/logo\/image\/"}}]}},"_links":{"self":[{"href":"https:\/\/test.cracxilitol.com\/en\/wp-json\/wp\/v2\/product\/26"}],"collection":[{"href":"https:\/\/test.cracxilitol.com\/en\/wp-json\/wp\/v2\/product"}],"about":[{"href":"https:\/\/test.cracxilitol.com\/en\/wp-json\/wp\/v2\/types\/product"}],"wp:featuredmedia":[{"embeddable":true,"href":"https:\/\/test.cracxilitol.com\/en\/wp-json\/wp\/v2\/media\/320"}],"wp:attachment":[{"href":"https:\/\/test.cracxilitol.com\/en\/wp-json\/wp\/v2\/media?parent=26"}],"wp:term":[{"taxonomy":"product_brand","embeddable":true,"href":"https:\/\/test.cracxilitol.com\/en\/wp-json\/wp\/v2\/product_brand?post=26"},{"taxonomy":"product_cat","embeddable":true,"href":"https:\/\/test.cracxilitol.com\/en\/wp-json\/wp\/v2\/product_cat?post=26"},{"taxonomy":"product_tag","embeddable":true,"href":"https:\/\/test.cracxilitol.com\/en\/wp-json\/wp\/v2\/product_tag?post=26"}],"curies":[{"name":"wp","href":"https:\/\/api.w.org\/{rel}","templated":true}]}}