{"id":21,"date":"2018-03-06T02:42:15","date_gmt":"2018-03-06T01:42:15","guid":{"rendered":"https:\/\/test.cracxilitol.com\/?post_type=product&#038;p=21"},"modified":"2024-01-10T17:29:03","modified_gmt":"2024-01-10T16:29:03","slug":"menta","status":"publish","type":"product","link":"https:\/\/test.cracxilitol.com\/en\/caramelos-xilitol\/menta\/","title":{"rendered":"Mint"},"content":{"rendered":"","protected":false},"excerpt":{"rendered":"<p><img loading=\"lazy\" decoding=\"async\" class=\"alignnone size-full wp-image-104\" src=\"https:\/\/test.cracxilitol.com\/wp-content\/uploads\/2018\/04\/cracx-mint.png\" alt=\"\" width=\"291\" height=\"50\" \/><\/p>\n<p>All the freshness of the lush forests of Finland. The classic mint fuses with xylitol to create an amazing taste in the form of beautiful electric blue crystals. Our most iconic color at the service of the most refreshing flavor. soft and fresh mint for you.<\/p>\n<p>FOR DIABETICS<br \/>\nWITHOUT GLUTEN<br \/>\nSTOP CAVITIES<br \/>\nVEGAN DIET<br \/>\nLACTOSE FREE<br \/>\nSUGARFREE<\/p>\n<p><img loading=\"lazy\" decoding=\"async\" class=\"alignnone size-full wp-image-112\" src=\"https:\/\/test.cracxilitol.com\/wp-content\/uploads\/2018\/04\/iconos-menta.png\" alt=\"\" width=\"337\" height=\"57\" \/><\/p>\n","protected":false},"featured_media":319,"template":"","meta":{"_acf_changed":false,"om_disable_all_campaigns":false},"product_brand":[],"product_cat":[18],"product_tag":[19],"class_list":{"0":"post-21","1":"product","2":"type-product","3":"status-publish","4":"has-post-thumbnail","6":"product_cat-sabores","7":"product_tag-menta","9":"first","10":"instock","11":"shipping-taxable","12":"purchasable","13":"product-type-simple"},"acf":[],"yoast_head":"<!-- This site is optimized with the Yoast SEO plugin v23.0 - https:\/\/yoast.com\/wordpress\/plugins\/seo\/ -->\n<title>Mint - Caramelos Cracx<\/title>\n<meta name=\"robots\" content=\"index, follow, max-snippet:-1, max-image-preview:large, max-video-preview:-1\" \/>\n<link rel=\"canonical\" href=\"https:\/\/test.cracxilitol.com\/caramelos-xilitol\/menta\/\" \/>\n<meta property=\"og:locale\" content=\"en_US\" \/>\n<meta property=\"og:type\" content=\"article\" \/>\n<meta property=\"og:title\" content=\"[:es]Menta[:en]Mint[:] - Caramelos Cracx\" \/>\n<meta property=\"og:description\" content=\"[:es]  Todo el frescor de los frondosos bosques de Finlandia. La cl\u00e1sica menta, se funde con el xilitol para crear un sabor sorprendente en forma de preciosos cristales de color azul el\u00e9ctrico. Nuestro color m\u00e1s ic\u00f3nico al servicio del sabor m\u00e1s refrescante. Menta suave y fresca.  \u2013 PARA PERSONAS CON DIABETES \u2013 SIN GLUTEN \u2013 AYUDA A MINERALIZAR \u2013 SIN LACTOSA \u2013 SIN AZUCARES  CADA LATA CONTIENE 35 GRAMOS  [:en]  All the freshness of the lush forests of Finland. The classic mint fuses with xylitol to create an amazing taste in the form of beautiful electric blue crystals. Our most iconic color at the service of the most refreshing flavor. soft and fresh mint for you.  FOR DIABETICS WITHOUT GLUTEN STOP CAVITIES VEGAN DIET LACTOSE FREE SUGARFREE  [:]\" \/>\n<meta property=\"og:url\" content=\"https:\/\/test.cracxilitol.com\/caramelos-xilitol\/menta\/\" \/>\n<meta property=\"og:site_name\" content=\"Caramelos Cracx\" \/>\n<meta property=\"article:modified_time\" content=\"2024-01-10T16:29:03+00:00\" \/>\n<meta property=\"og:image\" content=\"https:\/\/test.cracxilitol.com\/wp-content\/uploads\/2018\/03\/cracx-logo-menta-1.jpg\" \/>\n\t<meta property=\"og:image:width\" content=\"131\" \/>\n\t<meta property=\"og:image:height\" content=\"310\" \/>\n\t<meta property=\"og:image:type\" content=\"image\/jpeg\" \/>\n<meta name=\"twitter:card\" content=\"summary_large_image\" \/>\n<script type=\"application\/ld+json\" class=\"yoast-schema-graph\">{\"@context\":\"https:\/\/schema.org\",\"@graph\":[{\"@type\":\"WebPage\",\"@id\":\"https:\/\/test.cracxilitol.com\/caramelos-xilitol\/menta\/\",\"url\":\"https:\/\/test.cracxilitol.com\/caramelos-xilitol\/menta\/\",\"name\":\"[:es]Menta[:en]Mint[:] - Caramelos Cracx\",\"isPartOf\":{\"@id\":\"https:\/\/test.cracxilitol.com\/#website\"},\"primaryImageOfPage\":{\"@id\":\"https:\/\/test.cracxilitol.com\/caramelos-xilitol\/menta\/#primaryimage\"},\"image\":{\"@id\":\"https:\/\/test.cracxilitol.com\/caramelos-xilitol\/menta\/#primaryimage\"},\"thumbnailUrl\":\"https:\/\/test.cracxilitol.com\/wp-content\/uploads\/2018\/03\/cracx-logo-menta-1.jpg\",\"datePublished\":\"2018-03-06T01:42:15+00:00\",\"dateModified\":\"2024-01-10T16:29:03+00:00\",\"breadcrumb\":{\"@id\":\"https:\/\/test.cracxilitol.com\/caramelos-xilitol\/menta\/#breadcrumb\"},\"inLanguage\":\"en-US\",\"potentialAction\":[{\"@type\":\"ReadAction\",\"target\":[\"https:\/\/test.cracxilitol.com\/caramelos-xilitol\/menta\/\"]}]},{\"@type\":\"ImageObject\",\"inLanguage\":\"en-US\",\"@id\":\"https:\/\/test.cracxilitol.com\/caramelos-xilitol\/menta\/#primaryimage\",\"url\":\"https:\/\/test.cracxilitol.com\/wp-content\/uploads\/2018\/03\/cracx-logo-menta-1.jpg\",\"contentUrl\":\"https:\/\/test.cracxilitol.com\/wp-content\/uploads\/2018\/03\/cracx-logo-menta-1.jpg\",\"width\":131,\"height\":310},{\"@type\":\"BreadcrumbList\",\"@id\":\"https:\/\/test.cracxilitol.com\/caramelos-xilitol\/menta\/#breadcrumb\",\"itemListElement\":[{\"@type\":\"ListItem\",\"position\":1,\"name\":\"Portada\",\"item\":\"https:\/\/test.cracxilitol.com\/\"},{\"@type\":\"ListItem\",\"position\":2,\"name\":\"Menta\"}]},{\"@type\":\"WebSite\",\"@id\":\"https:\/\/test.cracxilitol.com\/#website\",\"url\":\"https:\/\/test.cracxilitol.com\/\",\"name\":\"Caramelos Cracx\",\"description\":\"Caramelos sin azucar 100% xilitol\",\"publisher\":{\"@id\":\"https:\/\/test.cracxilitol.com\/#organization\"},\"potentialAction\":[{\"@type\":\"SearchAction\",\"target\":{\"@type\":\"EntryPoint\",\"urlTemplate\":\"https:\/\/test.cracxilitol.com\/?s={search_term_string}\"},\"query-input\":\"required name=search_term_string\"}],\"inLanguage\":\"en-US\"},{\"@type\":\"Organization\",\"@id\":\"https:\/\/test.cracxilitol.com\/#organization\",\"name\":\"Caramelos Cracx\",\"url\":\"https:\/\/test.cracxilitol.com\/\",\"logo\":{\"@type\":\"ImageObject\",\"inLanguage\":\"en-US\",\"@id\":\"https:\/\/test.cracxilitol.com\/#\/schema\/logo\/image\/\",\"url\":\"https:\/\/test.cracxilitol.com\/wp-content\/uploads\/2024\/07\/cropped-LOGO-ROJO.png\",\"contentUrl\":\"https:\/\/test.cracxilitol.com\/wp-content\/uploads\/2024\/07\/cropped-LOGO-ROJO.png\",\"width\":188,\"height\":81,\"caption\":\"Caramelos Cracx\"},\"image\":{\"@id\":\"https:\/\/test.cracxilitol.com\/#\/schema\/logo\/image\/\"}}]}<\/script>\n<!-- \/ Yoast SEO plugin. -->","yoast_head_json":{"title":"[:es]Menta[:en]Mint[:] - Caramelos Cracx","robots":{"index":"index","follow":"follow","max-snippet":"max-snippet:-1","max-image-preview":"max-image-preview:large","max-video-preview":"max-video-preview:-1"},"canonical":"https:\/\/test.cracxilitol.com\/caramelos-xilitol\/menta\/","og_locale":"en_US","og_type":"article","og_title":"[:es]Menta[:en]Mint[:] - Caramelos Cracx","og_description":"[:es]  Todo el frescor de los frondosos bosques de Finlandia. La cl\u00e1sica menta, se funde con el xilitol para crear un sabor sorprendente en forma de preciosos cristales de color azul el\u00e9ctrico. Nuestro color m\u00e1s ic\u00f3nico al servicio del sabor m\u00e1s refrescante. Menta suave y fresca.  \u2013 PARA PERSONAS CON DIABETES \u2013 SIN GLUTEN \u2013 AYUDA A MINERALIZAR \u2013 SIN LACTOSA \u2013 SIN AZUCARES  CADA LATA CONTIENE 35 GRAMOS  [:en]  All the freshness of the lush forests of Finland. The classic mint fuses with xylitol to create an amazing taste in the form of beautiful electric blue crystals. Our most iconic color at the service of the most refreshing flavor. soft and fresh mint for you.  FOR DIABETICS WITHOUT GLUTEN STOP CAVITIES VEGAN DIET LACTOSE FREE SUGARFREE  [:]","og_url":"https:\/\/test.cracxilitol.com\/caramelos-xilitol\/menta\/","og_site_name":"Caramelos Cracx","article_modified_time":"2024-01-10T16:29:03+00:00","og_image":[{"width":131,"height":310,"url":"https:\/\/test.cracxilitol.com\/wp-content\/uploads\/2018\/03\/cracx-logo-menta-1.jpg","type":"image\/jpeg"}],"twitter_card":"summary_large_image","schema":{"@context":"https:\/\/schema.org","@graph":[{"@type":"WebPage","@id":"https:\/\/test.cracxilitol.com\/caramelos-xilitol\/menta\/","url":"https:\/\/test.cracxilitol.com\/caramelos-xilitol\/menta\/","name":"[:es]Menta[:en]Mint[:] - Caramelos Cracx","isPartOf":{"@id":"https:\/\/test.cracxilitol.com\/#website"},"primaryImageOfPage":{"@id":"https:\/\/test.cracxilitol.com\/caramelos-xilitol\/menta\/#primaryimage"},"image":{"@id":"https:\/\/test.cracxilitol.com\/caramelos-xilitol\/menta\/#primaryimage"},"thumbnailUrl":"https:\/\/test.cracxilitol.com\/wp-content\/uploads\/2018\/03\/cracx-logo-menta-1.jpg","datePublished":"2018-03-06T01:42:15+00:00","dateModified":"2024-01-10T16:29:03+00:00","breadcrumb":{"@id":"https:\/\/test.cracxilitol.com\/caramelos-xilitol\/menta\/#breadcrumb"},"inLanguage":"en-US","potentialAction":[{"@type":"ReadAction","target":["https:\/\/test.cracxilitol.com\/caramelos-xilitol\/menta\/"]}]},{"@type":"ImageObject","inLanguage":"en-US","@id":"https:\/\/test.cracxilitol.com\/caramelos-xilitol\/menta\/#primaryimage","url":"https:\/\/test.cracxilitol.com\/wp-content\/uploads\/2018\/03\/cracx-logo-menta-1.jpg","contentUrl":"https:\/\/test.cracxilitol.com\/wp-content\/uploads\/2018\/03\/cracx-logo-menta-1.jpg","width":131,"height":310},{"@type":"BreadcrumbList","@id":"https:\/\/test.cracxilitol.com\/caramelos-xilitol\/menta\/#breadcrumb","itemListElement":[{"@type":"ListItem","position":1,"name":"Portada","item":"https:\/\/test.cracxilitol.com\/"},{"@type":"ListItem","position":2,"name":"Menta"}]},{"@type":"WebSite","@id":"https:\/\/test.cracxilitol.com\/#website","url":"https:\/\/test.cracxilitol.com\/","name":"Caramelos Cracx","description":"Caramelos sin azucar 100% xilitol","publisher":{"@id":"https:\/\/test.cracxilitol.com\/#organization"},"potentialAction":[{"@type":"SearchAction","target":{"@type":"EntryPoint","urlTemplate":"https:\/\/test.cracxilitol.com\/?s={search_term_string}"},"query-input":"required name=search_term_string"}],"inLanguage":"en-US"},{"@type":"Organization","@id":"https:\/\/test.cracxilitol.com\/#organization","name":"Caramelos Cracx","url":"https:\/\/test.cracxilitol.com\/","logo":{"@type":"ImageObject","inLanguage":"en-US","@id":"https:\/\/test.cracxilitol.com\/#\/schema\/logo\/image\/","url":"https:\/\/test.cracxilitol.com\/wp-content\/uploads\/2024\/07\/cropped-LOGO-ROJO.png","contentUrl":"https:\/\/test.cracxilitol.com\/wp-content\/uploads\/2024\/07\/cropped-LOGO-ROJO.png","width":188,"height":81,"caption":"Caramelos Cracx"},"image":{"@id":"https:\/\/test.cracxilitol.com\/#\/schema\/logo\/image\/"}}]}},"_links":{"self":[{"href":"https:\/\/test.cracxilitol.com\/en\/wp-json\/wp\/v2\/product\/21"}],"collection":[{"href":"https:\/\/test.cracxilitol.com\/en\/wp-json\/wp\/v2\/product"}],"about":[{"href":"https:\/\/test.cracxilitol.com\/en\/wp-json\/wp\/v2\/types\/product"}],"wp:featuredmedia":[{"embeddable":true,"href":"https:\/\/test.cracxilitol.com\/en\/wp-json\/wp\/v2\/media\/319"}],"wp:attachment":[{"href":"https:\/\/test.cracxilitol.com\/en\/wp-json\/wp\/v2\/media?parent=21"}],"wp:term":[{"taxonomy":"product_brand","embeddable":true,"href":"https:\/\/test.cracxilitol.com\/en\/wp-json\/wp\/v2\/product_brand?post=21"},{"taxonomy":"product_cat","embeddable":true,"href":"https:\/\/test.cracxilitol.com\/en\/wp-json\/wp\/v2\/product_cat?post=21"},{"taxonomy":"product_tag","embeddable":true,"href":"https:\/\/test.cracxilitol.com\/en\/wp-json\/wp\/v2\/product_tag?post=21"}],"curies":[{"name":"wp","href":"https:\/\/api.w.org\/{rel}","templated":true}]}}